{"id":279618,"date":"2021-01-08T16:40:44","date_gmt":"2021-01-08T13:40:44","guid":{"rendered":"http:\/\/www.tugrulakin.com\/meddefense\/?page_id=279618"},"modified":"2023-08-16T11:30:44","modified_gmt":"2023-08-16T08:30:44","slug":"celox-aplikator","status":"publish","type":"page","link":"https:\/\/meddefense.com.tr\/en\/celox-aplikator\/","title":{"rendered":"Celox Aplikat\u00f6r"},"content":{"rendered":"<p>[et_pb_section fb_built=&#8221;1&#8243; custom_padding_last_edited=&#8221;on|desktop&#8221; admin_label=&#8221;Ba\u015fl\u0131k G\u00f6rseli&#8221; _builder_version=&#8221;4.6.4&#8243; background_image=&#8221;https:\/\/meddefense.com.tr\/wp-content\/uploads\/2021\/01\/meddefense-urunler-all.jpg&#8221; background_position=&#8221;bottom_center&#8221; custom_padding=&#8221;120px||330px||false|false&#8221; custom_padding_tablet=&#8221;||200px||false|false&#8221; custom_padding_phone=&#8221;||240px||false|false&#8221; animation_style=&#8221;fade&#8221; animation_direction=&#8221;top&#8221; background_last_edited=&#8221;off|phone&#8221; parallax_phone=&#8221;off&#8221; background_blend_phone=&#8221;normal&#8221; global_module=&#8221;279929&#8243; saved_tabs=&#8221;all&#8221;][\/et_pb_section][et_pb_section fb_built=&#8221;1&#8243; custom_padding_last_edited=&#8221;on|desktop&#8221; _builder_version=&#8221;4.6.4&#8243; _module_preset=&#8221;default&#8221; background_enable_color=&#8221;off&#8221; background_image=&#8221;http:\/\/www.tugrulakin.com\/meddefense\/wp-content\/uploads\/2020\/10\/meddefense-bg-1.jpg&#8221; background_size=&#8221;initial&#8221; background_position=&#8221;top_left&#8221; background_repeat=&#8221;repeat-x&#8221; custom_padding=&#8221;25px||20px||false|false&#8221; custom_padding_tablet=&#8221;15px||15px||false|false&#8221; custom_padding_phone=&#8221;20px||15px||false|false&#8221;][et_pb_row custom_padding_last_edited=&#8221;on|desktop&#8221; _builder_version=&#8221;4.6.4&#8243; _module_preset=&#8221;default&#8221; custom_padding_tablet=&#8221;5px||5px||true|false&#8221; custom_padding_phone=&#8221;1px||0px||false|false&#8221;][et_pb_column type=&#8221;4_4&#8243; _builder_version=&#8221;4.6.4&#8243; _module_preset=&#8221;default&#8221;][et_pb_text content_tablet=&#8221;<\/p>\n<h1 style=%22text-align: center;%22>Celox-A &#8211; 6 gr Gan\u00fcll\u00fc Aplikat\u00f6r<\/h1>\n<p>&#8221; content_phone=&#8221;<\/p>\n<h1 style=%22text-align: center;%22>Celox-A &#8211; 6 gr Gan\u00fcll\u00fc Aplikat\u00f6r<\/h1>\n<p>&#8221; content_last_edited=&#8221;on|phone&#8221; _builder_version=&#8221;4.6.4&#8243; _module_preset=&#8221;default&#8221; header_font=&#8221;||||||||&#8221; header_text_color=&#8221;#000000&#8243; header_2_font=&#8221;||||||||&#8221; header_2_text_color=&#8221;#000000&#8243; background_enable_color=&#8221;off&#8221; custom_margin=&#8221;0px||0px||false|false&#8221; custom_padding=&#8221;0px||0px||false|false&#8221; header_font_size_tablet=&#8221;35px&#8221; header_font_size_phone=&#8221;25px&#8221; header_font_size_last_edited=&#8221;on|desktop&#8221;]<\/p>\n<h1>Celox-A &#8211; 6 gr Gan\u00fcll\u00fc Aplikat\u00f6r<\/h1>\n<p>[\/et_pb_text][\/et_pb_column][\/et_pb_row][\/et_pb_section][et_pb_section fb_built=&#8221;1&#8243; custom_padding_last_edited=&#8221;on|phone&#8221; _builder_version=&#8221;4.6.4&#8243; _module_preset=&#8221;default&#8221; custom_padding=&#8221;0px||0px|||&#8221; custom_padding_tablet=&#8221;&#8221; custom_padding_phone=&#8221;&#8221;][et_pb_row _builder_version=&#8221;4.6.4&#8243; _module_preset=&#8221;default&#8221;][et_pb_column type=&#8221;4_4&#8243; _builder_version=&#8221;4.6.4&#8243; _module_preset=&#8221;default&#8221;][et_pb_text _builder_version=&#8221;4.6.4&#8243; _module_preset=&#8221;default&#8221; background_enable_color=&#8221;off&#8221; hover_enabled=&#8221;0&#8243; sticky_enabled=&#8221;0&#8243; link_option_url=&#8221;@ET-DC@eyJkeW5hbWljIjp0cnVlLCJjb250ZW50IjoicG9zdF9saW5rX3VybF9wYWdlIiwic2V0dGluZ3MiOnsicG9zdF9pZCI6IjI3NzAzMiJ9fQ==@&#8221; _dynamic_attributes=&#8221;link_option_url&#8221;]<\/p>\n<p><span style=\"color: #ff0000;\"><strong>&lt;&lt; Celox<\/strong><\/span><\/p>\n<p>[\/et_pb_text][\/et_pb_column][\/et_pb_row][\/et_pb_section][et_pb_section fb_built=&#8221;1&#8243; specialty=&#8221;on&#8221; custom_padding_last_edited=&#8221;on|phone&#8221; admin_label=&#8221;\u00dcr\u00fcn G\u00f6rselleri ve Yan Men\u00fc&#8221; _builder_version=&#8221;4.6.4&#8243; _module_preset=&#8221;default&#8221; inner_module_alignment=&#8221;center&#8221; custom_padding=&#8221;50px||60px||false|false&#8221; custom_padding_tablet=&#8221;0px||||false|false&#8221; custom_padding_phone=&#8221;0px||||false|false&#8221;][et_pb_column type=&#8221;3_4&#8243; specialty_columns=&#8221;3&#8243; _builder_version=&#8221;3.25&#8243; custom_padding=&#8221;|||&#8221; custom_padding__hover=&#8221;|||&#8221;][et_pb_row_inner column_structure=&#8221;1_3,1_3,1_3&#8243; _builder_version=&#8221;4.6.4&#8243; _module_preset=&#8221;default&#8221; background_color=&#8221;rgba(0,0,0,0)&#8221; custom_margin=&#8221;||||false|false&#8221; custom_padding=&#8221;0px||||false|false&#8221; locked=&#8221;off&#8221;][et_pb_column_inner type=&#8221;1_3&#8243; saved_specialty_column_type=&#8221;3_4&#8243; _builder_version=&#8221;4.6.4&#8243; _module_preset=&#8221;default&#8221;][et_pb_image src=&#8221;https:\/\/meddefense.com.tr\/wp-content\/uploads\/2020\/12\/meddefense-celox-granul-aplikatoru.jpg&#8221; show_in_lightbox=&#8221;on&#8221; use_overlay=&#8221;on&#8221; overlay_icon_color=&#8221;#e02b20&#8243; hover_icon=&#8221;%%200%%&#8221; _builder_version=&#8221;4.6.4&#8243; _module_preset=&#8221;default&#8221; custom_margin=&#8221;||0px||false|false&#8221;][\/et_pb_image][\/et_pb_column_inner][et_pb_column_inner type=&#8221;1_3&#8243; saved_specialty_column_type=&#8221;3_4&#8243; _builder_version=&#8221;4.6.4&#8243; _module_preset=&#8221;default&#8221;][et_pb_image src=&#8221;https:\/\/meddefense.com.tr\/wp-content\/uploads\/2021\/01\/celox-a-6gr-granullu-aplikator-3.jpg&#8221; title_text=&#8221;celox-a-6gr-granullu-aplikator-3&#8243; show_in_lightbox=&#8221;on&#8221; use_overlay=&#8221;on&#8221; overlay_icon_color=&#8221;#e02b20&#8243; hover_icon=&#8221;%%200%%&#8221; _builder_version=&#8221;4.6.4&#8243; _module_preset=&#8221;default&#8221; custom_margin=&#8221;||0px||false|false&#8221;][\/et_pb_image][\/et_pb_column_inner][et_pb_column_inner type=&#8221;1_3&#8243; saved_specialty_column_type=&#8221;3_4&#8243; _builder_version=&#8221;4.6.4&#8243; _module_preset=&#8221;default&#8221;][et_pb_image src=&#8221;https:\/\/meddefense.com.tr\/wp-content\/uploads\/2021\/01\/celox-a-6gr-granullu-aplikator-2.jpg&#8221; title_text=&#8221;celox-a-6gr-granullu-aplikator-2&#8243; show_in_lightbox=&#8221;on&#8221; use_overlay=&#8221;on&#8221; overlay_icon_color=&#8221;#e02b20&#8243; hover_icon=&#8221;%%200%%&#8221; _builder_version=&#8221;4.6.4&#8243; _module_preset=&#8221;default&#8221; custom_margin=&#8221;||0px||false|false&#8221;][\/et_pb_image][\/et_pb_column_inner][\/et_pb_row_inner][et_pb_row_inner custom_padding_last_edited=&#8221;on|phone&#8221; _builder_version=&#8221;4.6.4&#8243; module_alignment=&#8221;center&#8221; height=&#8221;100%&#8221; max_height=&#8221;100%&#8221; custom_padding=&#8221;50px||60px||false|false&#8221; custom_padding_tablet=&#8221;30px||||false|false&#8221; custom_padding_phone=&#8221;10px||60px||false|false&#8221;][et_pb_column_inner saved_specialty_column_type=&#8221;3_4&#8243; _builder_version=&#8221;4.4.8&#8243;][et_pb_tabs _builder_version=&#8221;4.6.4&#8243; tab_font=&#8221;||||||||&#8221; background_enable_color=&#8221;off&#8221; width_tablet=&#8221;100%&#8221; width_phone=&#8221;100%&#8221; width_last_edited=&#8221;on|phone&#8221; max_width_tablet=&#8221;&#8221; max_width_phone=&#8221;&#8221; max_width_last_edited=&#8221;on|tablet&#8221; custom_padding=&#8221;||10px||false|true&#8221; custom_padding_tablet=&#8221;|5px||5px|false|true&#8221; custom_padding_phone=&#8221;&#8221; custom_padding_last_edited=&#8221;on|phone&#8221; body_line_height_tablet=&#8221;1.6em&#8221; body_line_height_phone=&#8221;&#8221; body_line_height_last_edited=&#8221;on|phone&#8221;][et_pb_tab title=&#8221;\u00dcr\u00fcn A\u00e7\u0131klamas\u0131&#8221; _builder_version=&#8221;4.6.4&#8243;]<\/p>\n<h1>Y\u00fcksek H\u0131zl\u0131 Noktasal Uygulama<\/h1>\n<p>Haz\u0131r doldurulmu\u015f bir aplikat\u00f6rde Celox Gran\u00fcllerin g\u00fcc\u00fcyle dar giri\u015fli yaralanmalarda h\u0131zl\u0131 hemostaz sa\u011flan\u0131r.<\/p>\n<p>Patlama ve\/veya b\u0131\u00e7ak yaralar\u0131 gibi dar giri\u015fli yaralanmalar\u0131n tedavisi \u00e7ok zordur ve genellikle \u00f6l\u00fcmc\u00fcld\u00fcr. Celox-A, 6 gr Celox gran\u00fclleriyle \u00f6nceden paketlenmi\u015f benzersiz bir aplikat\u00f6r uygulama sistemidir ve k\u00fc\u00e7\u00fck bir giri\u015f yaras\u0131ndan sadece birka\u00e7 saniye i\u00e7inde do\u011frudan kanama b\u00f6lgesine ula\u015fmak i\u00e7in tasarlanm\u0131\u015ft\u0131r.<\/p>\n<ul>\n<li>Dar giri\u015fli kur\u015fun, patlama veya b\u0131\u00e7ak yaralar\u0131 i\u00e7in y\u00fcksek h\u0131zl\u0131 aplikat\u00f6r<\/li>\n<li>6 g Celox Gran\u00fcl\u00fcn\u00fc do\u011frudan kanaman\u0131n kayna\u011f\u0131na iletir<\/li>\n<li>H\u0131zl\u0131 P\u0131ht\u0131la\u015fmay\u0131 Te\u015fvik Eder<\/li>\n<li>Hipotermik ko\u015fullarda da \u00e7al\u0131\u015f\u0131r ve heparinli kan\u0131 bile p\u0131ht\u0131la\u015ft\u0131r\u0131r<\/li>\n<\/ul>\n<h1>Rakipsiz Performans<\/h1>\n<p>Ba\u011f\u0131ms\u0131z test sonu\u00e7lar\u0131, Hemostatik Gran\u00fcl Aplikat\u00f6r\u00fc Celox-A\u2019n\u0131n, Combat Gauze&#8217;den daha iyi performans g\u00f6sterdi\u011fi m\u00fckemmel sonu\u00e7lara sahiptir.<\/p>\n<p><img loading=\"lazy\" decoding=\"async\" src=\"https:\/\/meddefense.com.tr\/wp-content\/uploads\/2021\/01\/penetrating-injury-survival.jpg\" width=\"636\" height=\"433\" alt=\"\" class=\"wp-image-279717 alignnone size-full\" \/><\/p>\n<p>Celox-A, g\u00fcvenli, maksimum performans\u0131 ve etkinli\u011fi kan\u0131tlanm\u0131\u015f Celox gran\u00fcllerini kullan\u0131r.<\/p>\n<p>[\/et_pb_tab][et_pb_tab title=&#8221;Kullan\u0131m Yerleri&#8221; _builder_version=&#8221;4.6.4&#8243; _module_preset=&#8221;default&#8221;]<\/p>\n<p>&nbsp;<\/p>\n<ul>\n<li>Dar-K\u00fc\u00e7\u00fck giri\u015fli yaralar<\/li>\n<li>B\u0131\u00e7ak yaralar\u0131<\/li>\n<li>Patlama kaynakl\u0131 \u015farapnel yaralar\u0131<\/li>\n<li>Mermi giri\u015f yaralar\u0131<\/li>\n<\/ul>\n<p>[\/et_pb_tab][et_pb_tab title=&#8221;Video&#8221; _builder_version=&#8221;4.6.4&#8243; _module_preset=&#8221;default&#8221;]<\/p>\n<p><iframe loading=\"lazy\" title=\"Celox Applicator Training Video \u2013 Civilian emergency response (CE regions)\" width=\"1080\" height=\"608\" src=\"https:\/\/www.youtube.com\/embed\/qm3V4qTg2t0?feature=oembed\" frameborder=\"0\" allow=\"accelerometer; autoplay; clipboard-write; encrypted-media; gyroscope; picture-in-picture\" allowfullscreen><\/iframe><\/p>\n<p>[\/et_pb_tab][\/et_pb_tabs][\/et_pb_column_inner][\/et_pb_row_inner][\/et_pb_column][et_pb_column type=&#8221;1_4&#8243; _builder_version=&#8221;3.25&#8243; custom_padding=&#8221;|||&#8221; custom_padding__hover=&#8221;|||&#8221;][et_pb_cta title=&#8221;Destek&#8221; button_url=&#8221;@ET-DC@eyJkeW5hbWljIjp0cnVlLCJjb250ZW50IjoicG9zdF9saW5rX3VybF9wYWdlIiwic2V0dGluZ3MiOnsicG9zdF9pZCI6IjIxNyJ9fQ==@&#8221; button_text=&#8221;T\u0131klay\u0131n&#8221; button_text_tablet=&#8221;Dokunun&#8221; button_text_phone=&#8221;Dokunun&#8221; button_text_last_edited=&#8221;on|phone&#8221; disabled_on=&#8221;off|off|off&#8221; _builder_version=&#8221;4.6.4&#8243; _dynamic_attributes=&#8221;button_url&#8221; _module_preset=&#8221;default&#8221; header_level=&#8221;h1&#8243; body_text_color=&#8221;#ffffff&#8221; body_line_height=&#8221;1.3em&#8221; custom_button=&#8221;on&#8221; button_text_color=&#8221;#ffffff&#8221; button_bg_color=&#8221;#73bc20&#8243; button_icon=&#8221;%%24%%&#8221; button_alignment=&#8221;center&#8221; custom_padding=&#8221;15px|15px|15px|15px|true|true&#8221; box_shadow_style=&#8221;preset3&#8243; global_module=&#8221;278907&#8243; saved_tabs=&#8221;all&#8221; locked=&#8221;off&#8221;]<\/p>\n<p>\u00dcr\u00fcnlerle ilgili daha fazla detay ve fiyat bilgisi i\u00e7in l\u00fctfen bize ula\u015f\u0131n.<\/p>\n<p>[\/et_pb_cta][et_pb_sidebar area=&#8221;et_pb_widget_area_4&#8243; disabled_on=&#8221;off|off|off&#8221; _builder_version=&#8221;4.6.4&#8243; _module_preset=&#8221;default&#8221; header_font_size=&#8221;22px&#8221; body_font=&#8221;||||||||&#8221; background_color=&#8221;#f9f9f9&#8243; custom_padding=&#8221;15px|15px|15px|15px|true|true&#8221; border_color_all=&#8221;rgba(0,0,0,0)&#8221;][\/et_pb_sidebar][\/et_pb_column][\/et_pb_section]<\/p>\n","protected":false},"excerpt":{"rendered":"<p>[et_pb_section fb_built=&#8221;1&#8243; custom_padding_last_edited=&#8221;on|desktop&#8221; admin_label=&#8221;Ba\u015fl\u0131k G\u00f6rseli&#8221; _builder_version=&#8221;4.6.4&#8243; background_image=&#8221;https:\/\/meddefense.com.tr\/wp-content\/uploads\/2021\/01\/meddefense-urunler-all.jpg&#8221; background_position=&#8221;bottom_center&#8221; custom_padding=&#8221;120px||330px||false|false&#8221; custom_padding_tablet=&#8221;||200px||false|false&#8221; custom_padding_phone=&#8221;||240px||false|false&#8221; animation_style=&#8221;fade&#8221; animation_direction=&#8221;top&#8221; background_last_edited=&#8221;off|phone&#8221; parallax_phone=&#8221;off&#8221; background_blend_phone=&#8221;normal&#8221; global_module=&#8221;279929&#8243; saved_tabs=&#8221;all&#8221;][\/et_pb_section][et_pb_section fb_built=&#8221;1&#8243; custom_padding_last_edited=&#8221;on|desktop&#8221; _builder_version=&#8221;4.6.4&#8243; _module_preset=&#8221;default&#8221; background_enable_color=&#8221;off&#8221; background_image=&#8221;http:\/\/www.tugrulakin.com\/meddefense\/wp-content\/uploads\/2020\/10\/meddefense-bg-1.jpg&#8221; background_size=&#8221;initial&#8221; background_position=&#8221;top_left&#8221; background_repeat=&#8221;repeat-x&#8221; custom_padding=&#8221;25px||20px||false|false&#8221; custom_padding_tablet=&#8221;15px||15px||false|false&#8221; custom_padding_phone=&#8221;20px||15px||false|false&#8221;][et_pb_row custom_padding_last_edited=&#8221;on|desktop&#8221; _builder_version=&#8221;4.6.4&#8243; _module_preset=&#8221;default&#8221; custom_padding_tablet=&#8221;5px||5px||true|false&#8221; custom_padding_phone=&#8221;1px||0px||false|false&#8221;][et_pb_column type=&#8221;4_4&#8243; _builder_version=&#8221;4.6.4&#8243; _module_preset=&#8221;default&#8221;][et_pb_text content_tablet=&#8221; Celox-A &#8211; 6 gr Gan\u00fcll\u00fc Aplikat\u00f6r &#8221; content_phone=&#8221; Celox-A &#8211; 6 gr Gan\u00fcll\u00fc Aplikat\u00f6r &#8221; content_last_edited=&#8221;on|phone&#8221; [&hellip;]<\/p>\n","protected":false},"author":1,"featured_media":0,"parent":0,"menu_order":0,"comment_status":"closed","ping_status":"closed","template":"","meta":{"_et_pb_use_builder":"on","_et_pb_old_content":"","_et_gb_content_width":"","footnotes":""},"class_list":["post-279618","page","type-page","status-publish","hentry"],"_links":{"self":[{"href":"https:\/\/meddefense.com.tr\/en\/wp-json\/wp\/v2\/pages\/279618","targetHints":{"allow":["GET"]}}],"collection":[{"href":"https:\/\/meddefense.com.tr\/en\/wp-json\/wp\/v2\/pages"}],"about":[{"href":"https:\/\/meddefense.com.tr\/en\/wp-json\/wp\/v2\/types\/page"}],"author":[{"embeddable":true,"href":"https:\/\/meddefense.com.tr\/en\/wp-json\/wp\/v2\/users\/1"}],"replies":[{"embeddable":true,"href":"https:\/\/meddefense.com.tr\/en\/wp-json\/wp\/v2\/comments?post=279618"}],"version-history":[{"count":0,"href":"https:\/\/meddefense.com.tr\/en\/wp-json\/wp\/v2\/pages\/279618\/revisions"}],"wp:attachment":[{"href":"https:\/\/meddefense.com.tr\/en\/wp-json\/wp\/v2\/media?parent=279618"}],"curies":[{"name":"wp","href":"https:\/\/api.w.org\/{rel}","templated":true}]}}