{"id":280961,"date":"2023-09-18T23:45:50","date_gmt":"2023-09-18T20:45:50","guid":{"rendered":"https:\/\/meddefense.com.tr\/celox-gauze\/"},"modified":"2023-09-18T23:45:51","modified_gmt":"2023-09-18T20:45:51","slug":"celox-gauze","status":"publish","type":"page","link":"https:\/\/meddefense.com.tr\/en\/celox-gauze\/","title":{"rendered":"Celox Gauze"},"content":{"rendered":"<p>[et_pb_section fb_built=&#8221;1&#8243; custom_padding_last_edited=&#8221;on|desktop&#8221; admin_label=&#8221;Ba\u015fl\u0131k G\u00f6rseli&#8221; _builder_version=&#8221;4.6.4&#8243; background_image=&#8221;https:\/\/meddefense.com.tr\/wp-content\/uploads\/2021\/01\/meddefense-urunler-all.jpg&#8221; background_position=&#8221;bottom_center&#8221; custom_padding=&#8221;120px||330px||false|false&#8221; custom_padding_tablet=&#8221;||200px||false|false&#8221; custom_padding_phone=&#8221;||240px||false|false&#8221; animation_style=&#8221;fade&#8221; animation_direction=&#8221;top&#8221; background_last_edited=&#8221;off|phone&#8221; parallax_phone=&#8221;off&#8221; background_blend_phone=&#8221;normal&#8221; global_module=&#8221;279929&#8243; saved_tabs=&#8221;all&#8221;][\/et_pb_section][et_pb_section fb_built=&#8221;1&#8243; custom_padding_last_edited=&#8221;on|desktop&#8221; _builder_version=&#8221;4.6.4&#8243; _module_preset=&#8221;default&#8221; background_enable_color=&#8221;off&#8221; background_image=&#8221;http:\/\/www.tugrulakin.com\/meddefense\/wp-content\/uploads\/2020\/10\/meddefense-bg-1.jpg&#8221; background_size=&#8221;initial&#8221; background_position=&#8221;top_left&#8221; background_repeat=&#8221;repeat-x&#8221; custom_padding=&#8221;25px||20px||false|false&#8221; custom_padding_tablet=&#8221;15px||15px||false|false&#8221; custom_padding_phone=&#8221;20px||15px||false|false&#8221;][et_pb_row custom_padding_last_edited=&#8221;on|desktop&#8221; _builder_version=&#8221;4.6.4&#8243; _module_preset=&#8221;default&#8221; custom_padding_tablet=&#8221;5px||5px||true|false&#8221; custom_padding_phone=&#8221;1px||0px||false|false&#8221;][et_pb_column type=&#8221;4_4&#8243; _builder_version=&#8221;4.6.4&#8243; _module_preset=&#8221;default&#8221;][et_pb_text content_tablet=&#8221;<\/p>\n<h1 style=%22text-align: center;%22>Celox Gauze<\/h1>\n<p>&#8221; content_phone=&#8221;<\/p>\n<h1 style=%22text-align: center;%22>Celox Gauze<\/h1>\n<p>&#8221; content_last_edited=&#8221;on|phone&#8221; _builder_version=&#8221;4.6.4&#8243; _module_preset=&#8221;default&#8221; header_font=&#8221;||||||||&#8221; header_text_color=&#8221;#000000&#8243; header_2_font=&#8221;Fira Sans Extra Condensed||||||||&#8221; header_2_text_color=&#8221;#000000&#8243; background_enable_color=&#8221;off&#8221; custom_margin=&#8221;0px||0px||false|false&#8221; custom_padding=&#8221;0px||0px||false|false&#8221; header_font_size_tablet=&#8221;35px&#8221; header_font_size_phone=&#8221;25px&#8221; header_font_size_last_edited=&#8221;on|desktop&#8221;]<\/p>\n<h1>Celox Gauze<\/h1>\n<p>[\/et_pb_text][\/et_pb_column][\/et_pb_row][\/et_pb_section][et_pb_section fb_built=&#8221;1&#8243; custom_padding_last_edited=&#8221;on|phone&#8221; _builder_version=&#8221;4.6.4&#8243; _module_preset=&#8221;default&#8221; custom_padding=&#8221;0px||0px|||&#8221; custom_padding_tablet=&#8221;&#8221; custom_padding_phone=&#8221;&#8221;][et_pb_row _builder_version=&#8221;4.6.4&#8243; _module_preset=&#8221;default&#8221;][et_pb_column type=&#8221;4_4&#8243; _builder_version=&#8221;4.6.4&#8243; _module_preset=&#8221;default&#8221;][et_pb_text _builder_version=&#8221;4.6.4&#8243; _module_preset=&#8221;default&#8221; background_enable_color=&#8221;off&#8221; hover_enabled=&#8221;0&#8243; link_option_url=&#8221;@ET-DC@eyJkeW5hbWljIjp0cnVlLCJjb250ZW50IjoicG9zdF9saW5rX3VybF9wYWdlIiwic2V0dGluZ3MiOnsicG9zdF9pZCI6IjI3NzAzMiJ9fQ==@&#8221; _dynamic_attributes=&#8221;link_option_url&#8221; sticky_enabled=&#8221;0&#8243;]<\/p>\n<p><span style=\"color: #ff0000;\"><strong>&lt;&lt; Celox<\/strong><\/span><\/p>\n<p>[\/et_pb_text][\/et_pb_column][\/et_pb_row][\/et_pb_section][et_pb_section fb_built=&#8221;1&#8243; specialty=&#8221;on&#8221; custom_padding_last_edited=&#8221;on|phone&#8221; admin_label=&#8221;\u00dcr\u00fcn G\u00f6rselleri ve Yan Men\u00fc&#8221; _builder_version=&#8221;4.6.4&#8243; _module_preset=&#8221;default&#8221; inner_module_alignment=&#8221;center&#8221; custom_padding=&#8221;50px||60px||false|false&#8221; custom_padding_tablet=&#8221;0px||||false|false&#8221; custom_padding_phone=&#8221;0px||60px||false|false&#8221;][et_pb_column type=&#8221;3_4&#8243; specialty_columns=&#8221;3&#8243; _builder_version=&#8221;3.25&#8243; custom_padding=&#8221;|||&#8221; custom_padding__hover=&#8221;|||&#8221;][et_pb_row_inner column_structure=&#8221;1_3,1_3,1_3&#8243; _builder_version=&#8221;4.6.4&#8243; _module_preset=&#8221;default&#8221; background_color=&#8221;rgba(0,0,0,0)&#8221; custom_margin=&#8221;||||false|false&#8221; custom_padding=&#8221;0px||||false|false&#8221; locked=&#8221;off&#8221;][et_pb_column_inner type=&#8221;1_3&#8243; saved_specialty_column_type=&#8221;3_4&#8243; _builder_version=&#8221;4.6.4&#8243; _module_preset=&#8221;default&#8221;][et_pb_image src=&#8221;https:\/\/meddefense.com.tr\/wp-content\/uploads\/2020\/12\/meddefense-z-fold-haemostatic-gauze-76cmx15cm.jpg&#8221; show_in_lightbox=&#8221;on&#8221; use_overlay=&#8221;on&#8221; overlay_icon_color=&#8221;#e02b20&#8243; hover_icon=&#8221;%%200%%&#8221; _builder_version=&#8221;4.6.4&#8243; _module_preset=&#8221;default&#8221; custom_margin=&#8221;||0px||false|false&#8221;][\/et_pb_image][et_pb_text content_tablet=&#8221;<\/p>\n<h3 style=%22text-align: center;%22>CELOX GAUZE Z FOLDING<br \/> 7,6 CM X 1,5 M<\/h3>\n<p>&#8221; content_phone=&#8221;<\/p>\n<h3 style=%22text-align: center;%22>CELOX GAUZE Z FOLDING<br \/> 7,6 CM X 1,5 M<\/h3>\n<p>&#8221; content_last_edited=&#8221;on|phone&#8221; _builder_version=&#8221;4.6.4&#8243; _module_preset=&#8221;default&#8221; header_font=&#8221;||||||||&#8221; header_3_font=&#8221;||||||||&#8221; header_3_font_size=&#8221;20px&#8221; background_enable_color=&#8221;off&#8221; header_3_font_size_tablet=&#8221;25px&#8221; header_3_font_size_phone=&#8221;22px&#8221; header_3_font_size_last_edited=&#8221;on|phone&#8221;]<\/p>\n<h3 style=\"text-align: center;\">CELOX GAUZE Z FOLDING<br \/> 7,6 CM X 1,5 M<\/h3>\n<p>[\/et_pb_text][\/et_pb_column_inner][et_pb_column_inner type=&#8221;1_3&#8243; saved_specialty_column_type=&#8221;3_4&#8243; _builder_version=&#8221;4.6.4&#8243; _module_preset=&#8221;default&#8221;][et_pb_image src=&#8221;https:\/\/meddefense.com.tr\/wp-content\/uploads\/2020\/12\/meddefense-z-fold-haemostatic-gauze-76cmx15cm.jpg&#8221; show_in_lightbox=&#8221;on&#8221; use_overlay=&#8221;on&#8221; overlay_icon_color=&#8221;#e02b20&#8243; hover_icon=&#8221;%%200%%&#8221; _builder_version=&#8221;4.6.4&#8243; _module_preset=&#8221;default&#8221; custom_margin=&#8221;||0px||false|false&#8221;][\/et_pb_image][et_pb_text content_tablet=&#8221;<\/p>\n<h3 style=%22text-align: center;%22>CELOX GAUZE Z FOLDING<br \/> 7,6 CM X 3 M<\/h3>\n<p>&#8221; content_phone=&#8221;<\/p>\n<h3 style=%22text-align: center;%22>CELOX GAUZE Z FOLDING<br \/> 7,6 CM X 3 M<\/h3>\n<p>&#8221; content_last_edited=&#8221;on|desktop&#8221; _builder_version=&#8221;4.6.4&#8243; _module_preset=&#8221;default&#8221; header_font=&#8221;||||||||&#8221; header_3_font=&#8221;||||||||&#8221; header_3_font_size=&#8221;20px&#8221; background_enable_color=&#8221;off&#8221; header_3_font_size_tablet=&#8221;25px&#8221; header_3_font_size_phone=&#8221;22px&#8221; header_3_font_size_last_edited=&#8221;on|phone&#8221;]<\/p>\n<h3 style=\"text-align: center;\">CELOX GAUZE Z FOLDING<br \/>7,6 CM X 3 M<\/h3>\n<p>[\/et_pb_text][\/et_pb_column_inner][et_pb_column_inner type=&#8221;1_3&#8243; saved_specialty_column_type=&#8221;3_4&#8243; _builder_version=&#8221;4.6.4&#8243; _module_preset=&#8221;default&#8221;][et_pb_image src=&#8221;https:\/\/meddefense.com.tr\/wp-content\/uploads\/2020\/12\/meddefense-fabric-dressing-coated-with-celox-haemostatic-granule.jpg&#8221; show_in_lightbox=&#8221;on&#8221; use_overlay=&#8221;on&#8221; overlay_icon_color=&#8221;#e02b20&#8243; hover_icon=&#8221;%%200%%&#8221; _builder_version=&#8221;4.6.4&#8243; _module_preset=&#8221;default&#8221; custom_margin=&#8221;||0px||false|false&#8221;][\/et_pb_image][et_pb_text content_tablet=&#8221;<\/p>\n<h3 style=%22text-align: center;%22>CELOX GAUZE ROLL STRIP<br \/> 7,6 CM X 3 M<\/h3>\n<p>&#8221; content_phone=&#8221;<\/p>\n<h3 style=%22text-align: center;%22>CELOX GAUZE ROLL STRIP<br \/> 7,6 CM X 3 M<\/h3>\n<p>&#8221; content_last_edited=&#8221;on|desktop&#8221; _builder_version=&#8221;4.6.4&#8243; _module_preset=&#8221;default&#8221; header_font=&#8221;||||||||&#8221; header_3_font=&#8221;||||||||&#8221; header_3_font_size=&#8221;20px&#8221; background_enable_color=&#8221;off&#8221; header_3_font_size_tablet=&#8221;25px&#8221; header_3_font_size_phone=&#8221;22px&#8221; header_3_font_size_last_edited=&#8221;on|phone&#8221;]<\/p>\n<h3 style=\"text-align: center;\">CELOX GAUZE ROLL STRIP<br \/>7,6 CM X 3 M<\/h3>\n<p>[\/et_pb_text][\/et_pb_column_inner][\/et_pb_row_inner][et_pb_row_inner custom_padding_last_edited=&#8221;on|phone&#8221; _builder_version=&#8221;4.6.4&#8243; module_alignment=&#8221;center&#8221; height=&#8221;100%&#8221; max_height=&#8221;100%&#8221; custom_padding=&#8221;50px||||false|false&#8221; custom_padding_tablet=&#8221;30px||||false|false&#8221; custom_padding_phone=&#8221;10px||||false|false&#8221;][et_pb_column_inner saved_specialty_column_type=&#8221;3_4&#8243; _builder_version=&#8221;4.4.8&#8243;][et_pb_tabs _builder_version=&#8221;4.6.4&#8243; tab_font=&#8221;||||||||&#8221; background_enable_color=&#8221;off&#8221; width_tablet=&#8221;100%&#8221; width_phone=&#8221;100%&#8221; width_last_edited=&#8221;on|phone&#8221; max_width_tablet=&#8221;&#8221; max_width_phone=&#8221;&#8221; max_width_last_edited=&#8221;on|tablet&#8221; custom_padding=&#8221;||10px||false|true&#8221; custom_padding_tablet=&#8221;|5px||5px|false|true&#8221; custom_padding_phone=&#8221;&#8221; custom_padding_last_edited=&#8221;on|phone&#8221; body_line_height_tablet=&#8221;1.6em&#8221; body_line_height_phone=&#8221;&#8221; body_line_height_last_edited=&#8221;on|phone&#8221;][et_pb_tab title=&#8221;Product Description&#8221; _builder_version=&#8221;4.6.4&#8243;]<\/p>\n<h1>&#8220;Best of 3 Minute Compression <\/h1>\n<p> Celox\u2122 Gauze haemostat is CoTCCC approved for US Department of Defence use.<\/p>\n<p>Celox approved by CoTCCC Put the gauze directly on the bleeding source and apply compression for three minutes to stop bleeding from arterial injuries, gunshot wounds, road traffic accidents and other serious bleeding injuries.<\/p>\n<ul>\n<li> Celox\u2122 Gauze has demonstrated the highest observed survival rate &#8211; 90% in laboratory tests * .<\/li>\n<li> Success published in field reports <\/li>\n<li> Selected by a large number of NATO forces.<\/li>\n<li> Stops hypothermic bleeding as well as in severe traumatic injuries.<\/li>\n<\/ul>\n<h3> Celox stops problematic bleeding <\/h3>\n<p>Unlike Combat Gauze* and other inorganic mineral-based gauze products, Celox\u2122 works independently of the body&#8217;s clotting mechanism. Works on hypothermic blood that does not normally clot, usually in severe casualties.<\/p>\n<p><img loading=\"lazy\" decoding=\"async\" class=\"wp-image-280197 alignnone size-full\" src=\"https:\/\/meddefense.com.tr\/wp-content\/uploads\/2021\/02\/meddefense-celox-gauze-clotting-speed.jpg\" alt=\"\" width=\"800\" height=\"544\" \/><\/p>\n<h3> US Department of Defence Laboratory Test Results <\/h3>\n<p> This study was conducted to review the preference of the MINISTRY OF DEFENCE for the selection of haemostatic gauze..<\/p>\n<p><img loading=\"lazy\" decoding=\"async\" class=\"wp-image-280205 alignnone size-full\" src=\"https:\/\/meddefense.com.tr\/wp-content\/uploads\/2021\/02\/meddefense-celox-gauze-hayatta-kalma-karsilastirmasi.jpg\" alt=\"\" width=\"800\" height=\"544\" \/><\/p>\n<h3> Haemostatic Wound Dressing results <\/h3>\n<p> The survival percentage of 90% for Celox Gauze Gauze remained at 50 &#8211; 70% for other products.<\/p>\n<p> Compared to Combat Gauze Gauze, significantly reduced blood loss is seen 10 minutes after Celox Gauze treatment.<\/p>\n<p> Celox Gauze final blood loss 29 ml\/kg, 63 ml\/kg for Combat Gauze and 32-64 ml\/kg for other treatments <\/p>\n<p>[\/et_pb_tab][\/et_pb_tabs][\/et_pb_column_inner][\/et_pb_row_inner][\/et_pb_column][et_pb_column type=&#8221;1_4&#8243; _builder_version=&#8221;3.25&#8243; custom_padding=&#8221;|||&#8221; custom_padding__hover=&#8221;|||&#8221;][et_pb_cta title=&#8221;Support&#8221; button_url=&#8221;@ET-DC@eyJkeW5hbWljIjp0cnVlLCJjb250ZW50IjoicG9zdF9saW5rX3VybF9wYWdlIiwic2V0dGluZ3MiOnsicG9zdF9pZCI6IjIxNyJ9fQ==@&#8221; button_text=&#8221;Click On&#8221; button_text_tablet=&#8221;Touch&#8221; button_text_phone=&#8221;Touch&#8221; button_text_last_edited=&#8221;on|phone&#8221; disabled_on=&#8221;off|off|off&#8221; _builder_version=&#8221;4.6.4&#8243; _dynamic_attributes=&#8221;button_url&#8221; _module_preset=&#8221;default&#8221; header_level=&#8221;h1&#8243; body_text_color=&#8221;#ffffff&#8221; body_line_height=&#8221;1.3em&#8221; custom_button=&#8221;on&#8221; button_text_color=&#8221;#ffffff&#8221; button_bg_color=&#8221;#73bc20&#8243; button_icon=&#8221;%%24%%&#8221; button_alignment=&#8221;center&#8221; custom_padding=&#8221;15px|15px|15px|15px|true|true&#8221; box_shadow_style=&#8221;preset3&#8243; global_module=&#8221;278907&#8243; saved_tabs=&#8221;all&#8221; locked=&#8221;off&#8221;]<\/p>\n<p>\u00dcr\u00fcnlerle ilgili daha fazla detay ve fiyat bilgisi i\u00e7in l\u00fctfen bize ula\u015f\u0131n.<\/p>\n<p>[\/et_pb_cta][et_pb_sidebar area=&#8221;et_pb_widget_area_4&#8243; disabled_on=&#8221;off|off|off&#8221; _builder_version=&#8221;4.6.4&#8243; _module_preset=&#8221;default&#8221; header_font_size=&#8221;22px&#8221; body_font=&#8221;||||||||&#8221; background_color=&#8221;#f9f9f9&#8243; custom_padding=&#8221;15px|15px|15px|15px|true|true&#8221; border_color_all=&#8221;rgba(0,0,0,0)&#8221;][\/et_pb_sidebar][\/et_pb_column][\/et_pb_section]<\/p>\n","protected":false},"excerpt":{"rendered":"<p>[et_pb_section fb_built=&#8221;1&#8243; custom_padding_last_edited=&#8221;on|desktop&#8221; admin_label=&#8221;Ba\u015fl\u0131k G\u00f6rseli&#8221; _builder_version=&#8221;4.6.4&#8243; background_image=&#8221;https:\/\/meddefense.com.tr\/wp-content\/uploads\/2021\/01\/meddefense-urunler-all.jpg&#8221; background_position=&#8221;bottom_center&#8221; custom_padding=&#8221;120px||330px||false|false&#8221; custom_padding_tablet=&#8221;||200px||false|false&#8221; custom_padding_phone=&#8221;||240px||false|false&#8221; animation_style=&#8221;fade&#8221; animation_direction=&#8221;top&#8221; background_last_edited=&#8221;off|phone&#8221; parallax_phone=&#8221;off&#8221; background_blend_phone=&#8221;normal&#8221; global_module=&#8221;279929&#8243; saved_tabs=&#8221;all&#8221;][\/et_pb_section][et_pb_section fb_built=&#8221;1&#8243; custom_padding_last_edited=&#8221;on|desktop&#8221; _builder_version=&#8221;4.6.4&#8243; _module_preset=&#8221;default&#8221; background_enable_color=&#8221;off&#8221; background_image=&#8221;http:\/\/www.tugrulakin.com\/meddefense\/wp-content\/uploads\/2020\/10\/meddefense-bg-1.jpg&#8221; background_size=&#8221;initial&#8221; background_position=&#8221;top_left&#8221; background_repeat=&#8221;repeat-x&#8221; custom_padding=&#8221;25px||20px||false|false&#8221; custom_padding_tablet=&#8221;15px||15px||false|false&#8221; custom_padding_phone=&#8221;20px||15px||false|false&#8221;][et_pb_row custom_padding_last_edited=&#8221;on|desktop&#8221; _builder_version=&#8221;4.6.4&#8243; _module_preset=&#8221;default&#8221; custom_padding_tablet=&#8221;5px||5px||true|false&#8221; custom_padding_phone=&#8221;1px||0px||false|false&#8221;][et_pb_column type=&#8221;4_4&#8243; _builder_version=&#8221;4.6.4&#8243; _module_preset=&#8221;default&#8221;][et_pb_text content_tablet=&#8221; Celox Gauze &#8221; content_phone=&#8221; Celox Gauze &#8221; content_last_edited=&#8221;on|phone&#8221; _builder_version=&#8221;4.6.4&#8243; _module_preset=&#8221;default&#8221; header_font=&#8221;||||||||&#8221; header_text_color=&#8221;#000000&#8243; header_2_font=&#8221;Fira Sans Extra Condensed||||||||&#8221; [&hellip;]<\/p>\n","protected":false},"author":1,"featured_media":0,"parent":0,"menu_order":0,"comment_status":"closed","ping_status":"closed","template":"","meta":{"_et_pb_use_builder":"on","_et_pb_old_content":"","_et_gb_content_width":"","footnotes":""},"class_list":["post-280961","page","type-page","status-publish","hentry"],"_links":{"self":[{"href":"https:\/\/meddefense.com.tr\/en\/wp-json\/wp\/v2\/pages\/280961","targetHints":{"allow":["GET"]}}],"collection":[{"href":"https:\/\/meddefense.com.tr\/en\/wp-json\/wp\/v2\/pages"}],"about":[{"href":"https:\/\/meddefense.com.tr\/en\/wp-json\/wp\/v2\/types\/page"}],"author":[{"embeddable":true,"href":"https:\/\/meddefense.com.tr\/en\/wp-json\/wp\/v2\/users\/1"}],"replies":[{"embeddable":true,"href":"https:\/\/meddefense.com.tr\/en\/wp-json\/wp\/v2\/comments?post=280961"}],"version-history":[{"count":0,"href":"https:\/\/meddefense.com.tr\/en\/wp-json\/wp\/v2\/pages\/280961\/revisions"}],"wp:attachment":[{"href":"https:\/\/meddefense.com.tr\/en\/wp-json\/wp\/v2\/media?parent=280961"}],"curies":[{"name":"wp","href":"https:\/\/api.w.org\/{rel}","templated":true}]}}