{"id":281071,"date":"2023-10-04T00:17:30","date_gmt":"2023-10-03T21:17:30","guid":{"rendered":"https:\/\/meddefense.com.tr\/manual-aspirator\/"},"modified":"2023-10-04T00:17:30","modified_gmt":"2023-10-03T21:17:30","slug":"manual-aspirator","status":"publish","type":"page","link":"https:\/\/meddefense.com.tr\/en\/manual-aspirator\/","title":{"rendered":"Manual Aspirator"},"content":{"rendered":"<p>[et_pb_section fb_built=&#8221;1&#8243; custom_padding_last_edited=&#8221;on|desktop&#8221; admin_label=&#8221;Ba\u015fl\u0131k G\u00f6rseli&#8221; _builder_version=&#8221;4.6.4&#8243; background_image=&#8221;https:\/\/meddefense.com.tr\/wp-content\/uploads\/2021\/01\/meddefense-urunler-all.jpg&#8221; background_position=&#8221;bottom_center&#8221; custom_padding=&#8221;120px||330px||false|false&#8221; custom_padding_tablet=&#8221;||200px||false|false&#8221; custom_padding_phone=&#8221;||240px||false|false&#8221; animation_style=&#8221;fade&#8221; animation_direction=&#8221;top&#8221; background_last_edited=&#8221;off|phone&#8221; parallax_phone=&#8221;off&#8221; background_blend_phone=&#8221;normal&#8221; global_module=&#8221;279929&#8243; saved_tabs=&#8221;all&#8221;][\/et_pb_section][et_pb_section fb_built=&#8221;1&#8243; custom_padding_last_edited=&#8221;on|phone&#8221; _builder_version=&#8221;4.6.4&#8243; _module_preset=&#8221;default&#8221; custom_padding=&#8221;0px||0px|||&#8221; custom_padding_tablet=&#8221;&#8221; custom_padding_phone=&#8221;&#8221; locked=&#8221;off&#8221;][et_pb_row _builder_version=&#8221;4.6.4&#8243; _module_preset=&#8221;default&#8221; width=&#8221;100%&#8221; max_width=&#8221;80%&#8221;][et_pb_column type=&#8221;4_4&#8243; _builder_version=&#8221;4.6.4&#8243; _module_preset=&#8221;default&#8221;][et_pb_text _builder_version=&#8221;4.6.4&#8243; _module_preset=&#8221;default&#8221; background_enable_color=&#8221;off&#8221; hover_enabled=&#8221;0&#8243; link_option_url=&#8221;@ET-DC@eyJkeW5hbWljIjp0cnVlLCJjb250ZW50IjoicG9zdF9saW5rX3VybF9wYWdlIiwic2V0dGluZ3MiOnsicG9zdF9pZCI6IjI3ODY0MyJ9fQ==@&#8221; _dynamic_attributes=&#8221;link_option_url&#8221; sticky_enabled=&#8221;0&#8243;]<\/p>\n<p><span style=\"color: #ff0000;\"><strong>&lt;&lt; Other Products<\/strong><\/span><\/p>\n<p>[\/et_pb_text][\/et_pb_column][\/et_pb_row][\/et_pb_section][et_pb_section fb_built=&#8221;1&#8243; custom_padding_last_edited=&#8221;on|desktop&#8221; _builder_version=&#8221;4.4.8&#8243; background_enable_image=&#8221;off&#8221; background_size=&#8221;initial&#8221; background_position=&#8221;top_left&#8221; background_repeat=&#8221;repeat&#8221; custom_padding=&#8221;0px||0px||false|false&#8221; custom_padding_tablet=&#8221;10px||||false|false&#8221; custom_padding_phone=&#8221;&#8221;][et_pb_row custom_padding_last_edited=&#8221;on|desktop&#8221; _builder_version=&#8221;4.6.4&#8243; background_enable_image=&#8221;off&#8221; width=&#8221;100%&#8221; width_tablet=&#8221;100%&#8221; width_phone=&#8221;&#8221; width_last_edited=&#8221;on|phone&#8221; max_width=&#8221;80%&#8221; max_width_tablet=&#8221;80%&#8221; max_width_phone=&#8221;&#8221; max_width_last_edited=&#8221;on|phone&#8221; custom_padding=&#8221;0px||||false|false&#8221; custom_padding_tablet=&#8221;20px||5px||false|false&#8221; custom_padding_phone=&#8221;20px||5px||false|false&#8221;][et_pb_column type=&#8221;4_4&#8243; _builder_version=&#8221;4.4.8&#8243;][et_pb_text _builder_version=&#8221;4.6.4&#8243; _module_preset=&#8221;default&#8221; background_enable_color=&#8221;off&#8221;]<\/p>\n<h1>Manual Aspirator<\/h1>\n<p>[\/et_pb_text][\/et_pb_column][\/et_pb_row][et_pb_row _builder_version=&#8221;4.4.8&#8243; custom_padding=&#8221;0px||0px||false|false&#8221;][et_pb_column type=&#8221;4_4&#8243; _builder_version=&#8221;4.4.8&#8243;][et_pb_blurb icon_placement=&#8221;left&#8221; content_max_width=&#8221;100%&#8221; font_icon_tablet=&#8221;%%90%%&#8221; font_icon_phone=&#8221;%%90%%&#8221; font_icon_last_edited=&#8221;on|phone&#8221; icon_color_tablet=&#8221;&#8221; icon_color_phone=&#8221;&#8221; icon_color_last_edited=&#8221;on|phone&#8221; icon_placement_tablet=&#8221;left&#8221; icon_placement_phone=&#8221;top&#8221; icon_placement_last_edited=&#8221;on|phone&#8221; content_tablet=&#8221;<\/p>\n<blockquote>\n<p style=%22text-align: left;%22>Designed to evacuate the oral pharynx in emergency situations.<\/p>\n<\/blockquote>\n<p>&#8221; content_phone=&#8221;<\/p>\n<blockquote>\n<p>Designed to evacuate the oral pharynx in emergency situations.<\/p>\n<\/blockquote>\n<p>&#8221; content_last_edited=&#8221;off|desktop&#8221; content_max_width_tablet=&#8221;&#8221; content_max_width_phone=&#8221;&#8221; content_max_width_last_edited=&#8221;on|desktop&#8221; icon_font_size_tablet=&#8221;68px&#8221; icon_font_size_phone=&#8221;&#8221; icon_font_size_last_edited=&#8221;on|desktop&#8221; _builder_version=&#8221;4.6.4&#8243; body_font_size=&#8221;20px&#8221; body_line_height=&#8221;1.6em&#8221; background_enable_color=&#8221;off&#8221; background_enable_image=&#8221;off&#8221; background_size=&#8221;initial&#8221; background_position=&#8221;top_left&#8221; background_repeat=&#8221;repeat&#8221; transform_scale_tablet=&#8221;&#8221; transform_scale_phone=&#8221;&#8221; transform_scale_last_edited=&#8221;on|desktop&#8221; transform_scale_linked=&#8221;off&#8221; transform_translate_tablet=&#8221;0px|0px&#8221; transform_translate_phone=&#8221;4px|0px&#8221; transform_translate_last_edited=&#8221;on|desktop&#8221; transform_rotate_tablet=&#8221;&#8221; transform_rotate_phone=&#8221;&#8221; transform_rotate_last_edited=&#8221;on|desktop&#8221; transform_skew_tablet=&#8221;&#8221; transform_skew_phone=&#8221;&#8221; transform_skew_last_edited=&#8221;on|desktop&#8221; transform_origin_tablet=&#8221;&#8221; transform_origin_phone=&#8221;&#8221; transform_origin_last_edited=&#8221;on|desktop&#8221; transform_styles_last_edited=&#8221;on|desktop&#8221; custom_padding=&#8221;12px|30px|12px|30px|false|true&#8221; custom_padding_tablet=&#8221;40px|20px|0px|20px|false|true&#8221; custom_padding_phone=&#8221;|20px||20px|false|true&#8221; custom_padding_last_edited=&#8221;on|phone&#8221; body_font_size_tablet=&#8221;&#8221; body_font_size_phone=&#8221;18px&#8221; body_font_size_last_edited=&#8221;on|phone&#8221; body_line_height_tablet=&#8221;1.4em&#8221; body_line_height_phone=&#8221;1.2em&#8221; body_line_height_last_edited=&#8221;on|phone&#8221; transform_styles_tablet=&#8221;&#8221; transform_styles_phone=&#8221;&#8221; text_orientation_tablet=&#8221;&#8221; text_orientation_phone=&#8221;left&#8221; text_orientation_last_edited=&#8221;on|phone&#8221; border_color_right=&#8221;#e02b20&#8243; locked=&#8221;off&#8221;]<\/p>\n<blockquote>\n<p>Designed to evacuate the oral pharynx in emergency situations.<\/p>\n<\/blockquote>\n<p>[\/et_pb_blurb][\/et_pb_column][\/et_pb_row][\/et_pb_section][et_pb_section fb_built=&#8221;1&#8243; specialty=&#8221;on&#8221; custom_padding_last_edited=&#8221;on|phone&#8221; admin_label=&#8221;\u00dcr\u00fcn G\u00f6rselleri ve Yan Men\u00fc&#8221; _builder_version=&#8221;4.6.4&#8243; _module_preset=&#8221;default&#8221; inner_module_alignment=&#8221;center&#8221; custom_padding=&#8221;50px||60px||false|false&#8221; custom_padding_tablet=&#8221;0px||60px||false|false&#8221; custom_padding_phone=&#8221;0px||60px||false|false&#8221;][et_pb_column type=&#8221;3_4&#8243; specialty_columns=&#8221;3&#8243; _builder_version=&#8221;3.25&#8243; custom_padding=&#8221;|||&#8221; custom_padding__hover=&#8221;|||&#8221;][et_pb_row_inner column_structure=&#8221;1_3,1_3,1_3&#8243; _builder_version=&#8221;4.6.4&#8243; _module_preset=&#8221;default&#8221; background_color=&#8221;rgba(0,0,0,0)&#8221; custom_margin=&#8221;||||false|false&#8221; custom_padding=&#8221;0px||||false|false&#8221; locked=&#8221;off&#8221;][et_pb_column_inner type=&#8221;1_3&#8243; saved_specialty_column_type=&#8221;3_4&#8243; _builder_version=&#8221;4.6.4&#8243; _module_preset=&#8221;default&#8221;][et_pb_image src=&#8221;https:\/\/meddefense.com.tr\/wp-content\/uploads\/2020\/12\/manuel-aspirator-2-1.jpg&#8221; title_text=&#8221;manuel-aspirator-2&#8243; show_in_lightbox=&#8221;on&#8221; use_overlay=&#8221;on&#8221; overlay_icon_color=&#8221;#e02b20&#8243; hover_icon=&#8221;%%200%%&#8221; _builder_version=&#8221;4.6.4&#8243; _module_preset=&#8221;default&#8221; custom_margin=&#8221;||0px||false|false&#8221;][\/et_pb_image][\/et_pb_column_inner][et_pb_column_inner type=&#8221;1_3&#8243; saved_specialty_column_type=&#8221;3_4&#8243; _builder_version=&#8221;4.6.4&#8243; _module_preset=&#8221;default&#8221;][et_pb_image src=&#8221;https:\/\/meddefense.com.tr\/wp-content\/uploads\/2020\/12\/manuel-aspirator-1-1.jpg&#8221; title_text=&#8221;manuel-aspirator-1&#8243; show_in_lightbox=&#8221;on&#8221; use_overlay=&#8221;on&#8221; overlay_icon_color=&#8221;#e02b20&#8243; hover_icon=&#8221;%%200%%&#8221; _builder_version=&#8221;4.6.4&#8243; _module_preset=&#8221;default&#8221; custom_margin=&#8221;||0px||false|false&#8221;][\/et_pb_image][\/et_pb_column_inner][et_pb_column_inner type=&#8221;1_3&#8243; saved_specialty_column_type=&#8221;3_4&#8243; _builder_version=&#8221;4.6.4&#8243; _module_preset=&#8221;default&#8221;][\/et_pb_column_inner][\/et_pb_row_inner][et_pb_row_inner custom_padding_last_edited=&#8221;on|phone&#8221; _builder_version=&#8221;4.6.4&#8243; module_alignment=&#8221;center&#8221; height=&#8221;100%&#8221; max_height=&#8221;100%&#8221; custom_padding=&#8221;50px||60px||false|false&#8221; custom_padding_tablet=&#8221;30px||||false|false&#8221; custom_padding_phone=&#8221;10px||||false|false&#8221;][et_pb_column_inner saved_specialty_column_type=&#8221;3_4&#8243; _builder_version=&#8221;4.4.8&#8243;][et_pb_tabs _builder_version=&#8221;4.6.4&#8243; tab_font=&#8221;||||||||&#8221; background_enable_color=&#8221;off&#8221; width_tablet=&#8221;100%&#8221; width_phone=&#8221;100%&#8221; width_last_edited=&#8221;on|phone&#8221; max_width_tablet=&#8221;&#8221; max_width_phone=&#8221;&#8221; max_width_last_edited=&#8221;on|tablet&#8221; custom_padding=&#8221;||10px||false|true&#8221; custom_padding_tablet=&#8221;|5px||5px|false|true&#8221; custom_padding_phone=&#8221;&#8221; custom_padding_last_edited=&#8221;on|phone&#8221; body_line_height_tablet=&#8221;1.6em&#8221; body_line_height_phone=&#8221;&#8221; body_line_height_last_edited=&#8221;on|phone&#8221; locked=&#8221;off&#8221;][et_pb_tab title=&#8221;Product Description&#8221; _builder_version=&#8221;4.4.8&#8243;]<\/p>\n<p>This compact yet powerful suction unit is designed to evacuate the oral pharynx in emergency situations. It is small enough to fit in a first responder kit or on the user&#8217;s belt\/pocket. It is bulb shaped in design to create a vacuum force of approximately 1000MMHg after each squeeze. The suctioned material is discharged into a transparent bag connected to the outlet. The bag and bulb suction a total volume of over 1000cc. For convenience, the product is disposable and supplied in a bag with a double-sided biological waste warning label.<\/p>\n<p>Provides fast, safe and effective suction. It is a must-have product in your kit. The Manual Aspirator&#8217;s unique dual-valve design allows you to guide the suction tip into the patient&#8217;s oropharynx with one hand while maintaining uninterrupted operation with the other. Each squeeze of the bulb creates a consistent vacuum force and the suctioned material is transferred to the collection bag. This allows for an extremely clear view throughout the procedure.<\/p>\n<p>[\/et_pb_tab][et_pb_tab title=&#8221;Advantages&#8221; _builder_version=&#8221;4.4.8&#8243;]<\/p>\n<ol>\n<li><strong>Instant Use:<\/strong><br \/>No need for batteries or electricity. Suction-Easy is ready for immediate use. Simply remove the suction unit and start.<\/li>\n<li><strong>Powerful:<\/strong><br \/>Generates enough suction power to rapidly and completely clear the upper airway.<\/li>\n<li><strong>Reliable:<\/strong><br \/>No time wasted and no cleaning issues with Suction-Easy.<\/li>\n<li><strong>Fits Every Hand:<\/strong><br \/>Can be easily gripped and effective suction can be created with hands of all sizes.<\/li>\n<li><strong>Adequate Fluid Capacity:<\/strong><br \/>It has a 1000cc fluid holding capacity, sufficient for all material that can exit the upper respiratory tract.<\/li>\n<li><strong>Safe:<\/strong><br \/>The suction tip and controllable vacuum prevent tissue damage.<\/li>\n<li><strong>Easy and Safe Disposal:<\/strong><br \/>Simply place it in the original packaging with a used biological waste label. Suction-Easy complies with infection control criteria for content, isolation, and labeling.<\/li>\n<li><strong>Compact Size:<\/strong><br \/>Design that is 1\/3 smaller means less weight and volume.<\/li>\n<li><strong>Lightweight:<\/strong><br \/>1\/3 less weight means minimal load in bags.<\/li>\n<li><strong>Affordable:<\/strong><br \/>It is the most economical product among the available options.<\/li>\n<\/ol>\n<p>[\/et_pb_tab][et_pb_tab title=&#8221;Features&#8221; _builder_version=&#8221;4.4.8&#8243;]<\/p>\n<ul>\n<li>Latex-Free<\/li>\n<li>Strong Suction<\/li>\n<li>Special Valve System<\/li>\n<li>Sealable Bag<\/li>\n<\/ul>\n<p>[\/et_pb_tab][\/et_pb_tabs][\/et_pb_column_inner][\/et_pb_row_inner][\/et_pb_column][et_pb_column type=&#8221;1_4&#8243; _builder_version=&#8221;3.25&#8243; custom_padding=&#8221;|||&#8221; custom_padding__hover=&#8221;|||&#8221;][et_pb_cta title=&#8221;Support&#8221; button_url=&#8221;@ET-DC@eyJkeW5hbWljIjp0cnVlLCJjb250ZW50IjoicG9zdF9saW5rX3VybF9wYWdlIiwic2V0dGluZ3MiOnsicG9zdF9pZCI6IjIxNyJ9fQ==@&#8221; button_text=&#8221;Click On&#8221; button_text_tablet=&#8221;Touch&#8221; button_text_phone=&#8221;Touch&#8221; button_text_last_edited=&#8221;on|phone&#8221; disabled_on=&#8221;off|off|off&#8221; _builder_version=&#8221;4.6.4&#8243; _dynamic_attributes=&#8221;button_url&#8221; _module_preset=&#8221;default&#8221; header_level=&#8221;h1&#8243; body_text_color=&#8221;#ffffff&#8221; body_line_height=&#8221;1.3em&#8221; custom_button=&#8221;on&#8221; button_text_color=&#8221;#ffffff&#8221; button_bg_color=&#8221;#73bc20&#8243; button_icon=&#8221;%%24%%&#8221; button_alignment=&#8221;center&#8221; custom_padding=&#8221;15px|15px|15px|15px|true|true&#8221; box_shadow_style=&#8221;preset3&#8243; global_module=&#8221;278907&#8243; saved_tabs=&#8221;all&#8221; locked=&#8221;off&#8221;]<\/p>\n<p>\u00dcr\u00fcnlerle ilgili daha fazla detay ve fiyat bilgisi i\u00e7in l\u00fctfen bize ula\u015f\u0131n.<\/p>\n<p>[\/et_pb_cta][et_pb_sidebar area=&#8221;et_pb_widget_area_3&#8243; disabled_on=&#8221;off|off|off&#8221; _builder_version=&#8221;4.6.4&#8243; _module_preset=&#8221;default&#8221; header_font_size=&#8221;22px&#8221; body_font=&#8221;||||||||&#8221; background_color=&#8221;#f9f9f9&#8243; custom_padding=&#8221;15px|15px|15px|15px|true|true&#8221; border_color_all=&#8221;rgba(0,0,0,0)&#8221; locked=&#8221;off&#8221;][\/et_pb_sidebar][\/et_pb_column][\/et_pb_section]<\/p>\n","protected":false},"excerpt":{"rendered":"<p>[et_pb_section fb_built=&#8221;1&#8243; custom_padding_last_edited=&#8221;on|desktop&#8221; admin_label=&#8221;Ba\u015fl\u0131k G\u00f6rseli&#8221; _builder_version=&#8221;4.6.4&#8243; background_image=&#8221;https:\/\/meddefense.com.tr\/wp-content\/uploads\/2021\/01\/meddefense-urunler-all.jpg&#8221; background_position=&#8221;bottom_center&#8221; custom_padding=&#8221;120px||330px||false|false&#8221; custom_padding_tablet=&#8221;||200px||false|false&#8221; custom_padding_phone=&#8221;||240px||false|false&#8221; animation_style=&#8221;fade&#8221; animation_direction=&#8221;top&#8221; background_last_edited=&#8221;off|phone&#8221; parallax_phone=&#8221;off&#8221; background_blend_phone=&#8221;normal&#8221; global_module=&#8221;279929&#8243; saved_tabs=&#8221;all&#8221;][\/et_pb_section][et_pb_section fb_built=&#8221;1&#8243; custom_padding_last_edited=&#8221;on|phone&#8221; _builder_version=&#8221;4.6.4&#8243; _module_preset=&#8221;default&#8221; custom_padding=&#8221;0px||0px|||&#8221; custom_padding_tablet=&#8221;&#8221; custom_padding_phone=&#8221;&#8221; locked=&#8221;off&#8221;][et_pb_row _builder_version=&#8221;4.6.4&#8243; _module_preset=&#8221;default&#8221; width=&#8221;100%&#8221; max_width=&#8221;80%&#8221;][et_pb_column type=&#8221;4_4&#8243; _builder_version=&#8221;4.6.4&#8243; _module_preset=&#8221;default&#8221;][et_pb_text _builder_version=&#8221;4.6.4&#8243; _module_preset=&#8221;default&#8221; background_enable_color=&#8221;off&#8221; hover_enabled=&#8221;0&#8243; link_option_url=&#8221;@ET-DC@eyJkeW5hbWljIjp0cnVlLCJjb250ZW50IjoicG9zdF9saW5rX3VybF9wYWdlIiwic2V0dGluZ3MiOnsicG9zdF9pZCI6IjI3ODY0MyJ9fQ==@&#8221; _dynamic_attributes=&#8221;link_option_url&#8221; sticky_enabled=&#8221;0&#8243;] &lt;&lt; Other Products [\/et_pb_text][\/et_pb_column][\/et_pb_row][\/et_pb_section][et_pb_section fb_built=&#8221;1&#8243; custom_padding_last_edited=&#8221;on|desktop&#8221; _builder_version=&#8221;4.4.8&#8243; background_enable_image=&#8221;off&#8221; background_size=&#8221;initial&#8221; background_position=&#8221;top_left&#8221; background_repeat=&#8221;repeat&#8221; custom_padding=&#8221;0px||0px||false|false&#8221; custom_padding_tablet=&#8221;10px||||false|false&#8221; custom_padding_phone=&#8221;&#8221;][et_pb_row custom_padding_last_edited=&#8221;on|desktop&#8221; [&hellip;]<\/p>\n","protected":false},"author":1,"featured_media":0,"parent":0,"menu_order":0,"comment_status":"closed","ping_status":"closed","template":"","meta":{"_et_pb_use_builder":"on","_et_pb_old_content":"","_et_gb_content_width":"","footnotes":""},"class_list":["post-281071","page","type-page","status-publish","hentry"],"_links":{"self":[{"href":"https:\/\/meddefense.com.tr\/en\/wp-json\/wp\/v2\/pages\/281071","targetHints":{"allow":["GET"]}}],"collection":[{"href":"https:\/\/meddefense.com.tr\/en\/wp-json\/wp\/v2\/pages"}],"about":[{"href":"https:\/\/meddefense.com.tr\/en\/wp-json\/wp\/v2\/types\/page"}],"author":[{"embeddable":true,"href":"https:\/\/meddefense.com.tr\/en\/wp-json\/wp\/v2\/users\/1"}],"replies":[{"embeddable":true,"href":"https:\/\/meddefense.com.tr\/en\/wp-json\/wp\/v2\/comments?post=281071"}],"version-history":[{"count":0,"href":"https:\/\/meddefense.com.tr\/en\/wp-json\/wp\/v2\/pages\/281071\/revisions"}],"wp:attachment":[{"href":"https:\/\/meddefense.com.tr\/en\/wp-json\/wp\/v2\/media?parent=281071"}],"curies":[{"name":"wp","href":"https:\/\/api.w.org\/{rel}","templated":true}]}}