{"id":281075,"date":"2023-10-04T00:36:59","date_gmt":"2023-10-03T21:36:59","guid":{"rendered":"https:\/\/meddefense.com.tr\/cat-haemostatic-tourniquet\/"},"modified":"2023-10-04T00:36:59","modified_gmt":"2023-10-03T21:36:59","slug":"cat-haemostatic-tourniquet","status":"publish","type":"page","link":"https:\/\/meddefense.com.tr\/en\/cat-haemostatic-tourniquet\/","title":{"rendered":"CAT Haemostatic Tourniquet"},"content":{"rendered":"<p>[et_pb_section fb_built=&#8221;1&#8243; custom_padding_last_edited=&#8221;on|desktop&#8221; admin_label=&#8221;Ba\u015fl\u0131k G\u00f6rseli&#8221; _builder_version=&#8221;4.6.4&#8243; background_image=&#8221;https:\/\/meddefense.com.tr\/wp-content\/uploads\/2021\/01\/meddefense-urunler-all.jpg&#8221; background_position=&#8221;bottom_center&#8221; custom_padding=&#8221;120px||330px||false|false&#8221; custom_padding_tablet=&#8221;||200px||false|false&#8221; custom_padding_phone=&#8221;||240px||false|false&#8221; animation_style=&#8221;fade&#8221; animation_direction=&#8221;top&#8221; background_last_edited=&#8221;off|phone&#8221; parallax_phone=&#8221;off&#8221; background_blend_phone=&#8221;normal&#8221; global_module=&#8221;279929&#8243; saved_tabs=&#8221;all&#8221;][\/et_pb_section][et_pb_section fb_built=&#8221;1&#8243; custom_padding_last_edited=&#8221;on|desktop&#8221; _builder_version=&#8221;4.4.8&#8243; background_enable_image=&#8221;off&#8221; background_size=&#8221;initial&#8221; background_position=&#8221;top_left&#8221; background_repeat=&#8221;repeat&#8221; custom_padding=&#8221;60px||0px||false|false&#8221; custom_padding_tablet=&#8221;10px||||false|false&#8221; custom_padding_phone=&#8221;&#8221;][et_pb_row custom_padding_last_edited=&#8221;on|desktop&#8221; _builder_version=&#8221;4.6.4&#8243; background_enable_image=&#8221;off&#8221; width=&#8221;100%&#8221; width_tablet=&#8221;100%&#8221; width_phone=&#8221;&#8221; width_last_edited=&#8221;on|phone&#8221; max_width=&#8221;80%&#8221; max_width_tablet=&#8221;80%&#8221; max_width_phone=&#8221;&#8221; max_width_last_edited=&#8221;on|phone&#8221; custom_padding=&#8221;0px||||false|false&#8221; custom_padding_tablet=&#8221;20px||5px||false|false&#8221; custom_padding_phone=&#8221;20px||5px||false|false&#8221;][et_pb_column type=&#8221;4_4&#8243; _builder_version=&#8221;4.4.8&#8243;][et_pb_text _builder_version=&#8221;4.6.4&#8243; _module_preset=&#8221;default&#8221; background_enable_color=&#8221;off&#8221;]<\/p>\n<h1>CAT Haemostatic Tourniquet<\/h1>\n<p>[\/et_pb_text][\/et_pb_column][\/et_pb_row][et_pb_row _builder_version=&#8221;4.4.8&#8243; custom_padding=&#8221;0px||0px||false|false&#8221;][et_pb_column type=&#8221;4_4&#8243; _builder_version=&#8221;4.4.8&#8243;][et_pb_blurb icon_placement=&#8221;left&#8221; content_max_width=&#8221;100%&#8221; font_icon_tablet=&#8221;%%90%%&#8221; font_icon_phone=&#8221;%%90%%&#8221; font_icon_last_edited=&#8221;on|phone&#8221; icon_color_tablet=&#8221;&#8221; icon_color_phone=&#8221;&#8221; icon_color_last_edited=&#8221;on|phone&#8221; icon_placement_tablet=&#8221;left&#8221; icon_placement_phone=&#8221;top&#8221; icon_placement_last_edited=&#8221;on|phone&#8221; content_tablet=&#8221;<\/p>\n<blockquote>\n<p style=%22text-align: left;%22><\/blockquote>\n<p>&#8221; content_phone=&#8221;<\/p>\n<blockquote>\n<p style=%22text-align: left;%22><\/blockquote>\n<p>&#8221; content_last_edited=&#8221;off|desktop&#8221; content_max_width_tablet=&#8221;&#8221; content_max_width_phone=&#8221;&#8221; content_max_width_last_edited=&#8221;on|desktop&#8221; icon_font_size_tablet=&#8221;68px&#8221; icon_font_size_phone=&#8221;&#8221; icon_font_size_last_edited=&#8221;on|desktop&#8221; _builder_version=&#8221;4.6.4&#8243; body_font_size=&#8221;20px&#8221; body_line_height=&#8221;1.6em&#8221; background_enable_color=&#8221;off&#8221; background_enable_image=&#8221;off&#8221; background_size=&#8221;initial&#8221; background_position=&#8221;top_left&#8221; background_repeat=&#8221;repeat&#8221; transform_scale_tablet=&#8221;&#8221; transform_scale_phone=&#8221;&#8221; transform_scale_last_edited=&#8221;on|desktop&#8221; transform_scale_linked=&#8221;off&#8221; transform_translate_tablet=&#8221;0px|0px&#8221; transform_translate_phone=&#8221;4px|0px&#8221; transform_translate_last_edited=&#8221;on|desktop&#8221; transform_rotate_tablet=&#8221;&#8221; transform_rotate_phone=&#8221;&#8221; transform_rotate_last_edited=&#8221;on|desktop&#8221; transform_skew_tablet=&#8221;&#8221; transform_skew_phone=&#8221;&#8221; transform_skew_last_edited=&#8221;on|desktop&#8221; transform_origin_tablet=&#8221;&#8221; transform_origin_phone=&#8221;&#8221; transform_origin_last_edited=&#8221;on|desktop&#8221; transform_styles_last_edited=&#8221;on|desktop&#8221; custom_padding=&#8221;12px|30px|12px|30px|true|true&#8221; custom_padding_tablet=&#8221;20px|20px|20px|20px|false|true&#8221; custom_padding_phone=&#8221;|20px||20px|false|true&#8221; custom_padding_last_edited=&#8221;on|desktop&#8221; body_font_size_tablet=&#8221;&#8221; body_font_size_phone=&#8221;18px&#8221; body_font_size_last_edited=&#8221;on|phone&#8221; body_line_height_tablet=&#8221;1.4em&#8221; body_line_height_phone=&#8221;1.2em&#8221; body_line_height_last_edited=&#8221;on|phone&#8221; transform_styles_tablet=&#8221;&#8221; transform_styles_phone=&#8221;&#8221; text_orientation_tablet=&#8221;&#8221; text_orientation_phone=&#8221;left&#8221; text_orientation_last_edited=&#8221;on|phone&#8221; border_color_right=&#8221;#e02b20&#8243;]<\/p>\n<blockquote>\n<p style=\"text-align: left;\">One-handed emergency medical tourniquet.<\/p>\n<\/blockquote>\n<p>[\/et_pb_blurb][\/et_pb_column][\/et_pb_row][\/et_pb_section][et_pb_section fb_built=&#8221;1&#8243; specialty=&#8221;on&#8221; custom_padding_last_edited=&#8221;on|phone&#8221; admin_label=&#8221;\u00dcr\u00fcn G\u00f6rselleri ve Yan Men\u00fc&#8221; _builder_version=&#8221;4.6.4&#8243; _module_preset=&#8221;default&#8221; inner_module_alignment=&#8221;center&#8221; custom_padding=&#8221;50px||50px||false|false&#8221; custom_padding_tablet=&#8221;0px||60px||false|false&#8221; custom_padding_phone=&#8221;0px||60px||false|false&#8221;][et_pb_column type=&#8221;3_4&#8243; specialty_columns=&#8221;3&#8243; _builder_version=&#8221;3.25&#8243; custom_padding=&#8221;|||&#8221; custom_padding__hover=&#8221;|||&#8221;][et_pb_row_inner column_structure=&#8221;1_3,1_3,1_3&#8243; _builder_version=&#8221;4.6.4&#8243; _module_preset=&#8221;default&#8221; background_color=&#8221;rgba(0,0,0,0)&#8221; custom_margin=&#8221;||||false|false&#8221; custom_padding=&#8221;0px||||false|false&#8221; locked=&#8221;off&#8221;][et_pb_column_inner type=&#8221;1_3&#8243; saved_specialty_column_type=&#8221;3_4&#8243; _builder_version=&#8221;4.6.4&#8243; _module_preset=&#8221;default&#8221;][et_pb_image src=&#8221;https:\/\/meddefense.com.tr\/wp-content\/uploads\/2020\/12\/meddefense-cat-hemostatik-turnike-1.jpg&#8221; show_in_lightbox=&#8221;on&#8221; use_overlay=&#8221;on&#8221; overlay_icon_color=&#8221;#e02b20&#8243; hover_icon=&#8221;%%200%%&#8221; _builder_version=&#8221;4.6.4&#8243; _module_preset=&#8221;default&#8221; custom_margin=&#8221;||0px||false|false&#8221;][\/et_pb_image][\/et_pb_column_inner][et_pb_column_inner type=&#8221;1_3&#8243; saved_specialty_column_type=&#8221;3_4&#8243; _builder_version=&#8221;4.6.4&#8243; _module_preset=&#8221;default&#8221;][et_pb_image src=&#8221;https:\/\/meddefense.com.tr\/wp-content\/uploads\/2020\/12\/meddefense-cat-hemostatik-turnike-2.jpg&#8221; show_in_lightbox=&#8221;on&#8221; use_overlay=&#8221;on&#8221; overlay_icon_color=&#8221;#e02b20&#8243; hover_icon=&#8221;%%200%%&#8221; _builder_version=&#8221;4.6.4&#8243; _module_preset=&#8221;default&#8221; custom_margin=&#8221;||0px||false|false&#8221;][\/et_pb_image][\/et_pb_column_inner][et_pb_column_inner type=&#8221;1_3&#8243; saved_specialty_column_type=&#8221;3_4&#8243; _builder_version=&#8221;4.6.4&#8243; _module_preset=&#8221;default&#8221;][et_pb_image src=&#8221;https:\/\/meddefense.com.tr\/wp-content\/uploads\/2021\/02\/meddefense-cat-hemostatik-turnike-11.jpg&#8221; title_text=&#8221;meddefense-cat-hemostatik-turnike-11&#8243; show_in_lightbox=&#8221;on&#8221; use_overlay=&#8221;on&#8221; overlay_icon_color=&#8221;#e02b20&#8243; hover_icon=&#8221;%%200%%&#8221; _builder_version=&#8221;4.6.4&#8243; _module_preset=&#8221;default&#8221; custom_margin=&#8221;||0px||false|false&#8221;][\/et_pb_image][\/et_pb_column_inner][\/et_pb_row_inner][et_pb_row_inner column_structure=&#8221;1_3,1_3,1_3&#8243; _builder_version=&#8221;4.6.4&#8243; _module_preset=&#8221;default&#8221; background_color=&#8221;rgba(0,0,0,0)&#8221; custom_margin=&#8221;||||false|false&#8221; custom_padding=&#8221;0px||||false|false&#8221; locked=&#8221;off&#8221;][et_pb_column_inner type=&#8221;1_3&#8243; saved_specialty_column_type=&#8221;3_4&#8243; _builder_version=&#8221;4.6.4&#8243; _module_preset=&#8221;default&#8221;][et_pb_image src=&#8221;https:\/\/meddefense.com.tr\/wp-content\/uploads\/2021\/02\/meddefense-cat-hemostatik-turnike-10.jpg&#8221; title_text=&#8221;meddefense-cat-hemostatik-turnike-10&#8243; show_in_lightbox=&#8221;on&#8221; use_overlay=&#8221;on&#8221; overlay_icon_color=&#8221;#e02b20&#8243; hover_icon=&#8221;%%200%%&#8221; _builder_version=&#8221;4.6.4&#8243; _module_preset=&#8221;default&#8221; custom_margin=&#8221;||0px||false|false&#8221;][\/et_pb_image][\/et_pb_column_inner][et_pb_column_inner type=&#8221;1_3&#8243; saved_specialty_column_type=&#8221;3_4&#8243; _builder_version=&#8221;4.6.4&#8243; _module_preset=&#8221;default&#8221;][et_pb_image src=&#8221;https:\/\/meddefense.com.tr\/wp-content\/uploads\/2021\/02\/meddefense-cat-hemostatik-turnike-12.jpg&#8221; title_text=&#8221;meddefense-cat-hemostatik-turnike-12&#8243; show_in_lightbox=&#8221;on&#8221; use_overlay=&#8221;on&#8221; overlay_icon_color=&#8221;#e02b20&#8243; hover_icon=&#8221;%%200%%&#8221; _builder_version=&#8221;4.6.4&#8243; _module_preset=&#8221;default&#8221; custom_margin=&#8221;||0px||false|false&#8221;][\/et_pb_image][\/et_pb_column_inner][et_pb_column_inner type=&#8221;1_3&#8243; saved_specialty_column_type=&#8221;3_4&#8243; _builder_version=&#8221;4.6.4&#8243; _module_preset=&#8221;default&#8221;][\/et_pb_column_inner][\/et_pb_row_inner][et_pb_row_inner custom_padding_last_edited=&#8221;on|phone&#8221; _builder_version=&#8221;4.6.4&#8243; module_alignment=&#8221;center&#8221; height=&#8221;100%&#8221; max_height=&#8221;100%&#8221; custom_padding=&#8221;50px||60px||false|false&#8221; custom_padding_tablet=&#8221;30px||||false|false&#8221; custom_padding_phone=&#8221;10px||||false|false&#8221;][et_pb_column_inner saved_specialty_column_type=&#8221;3_4&#8243; _builder_version=&#8221;4.4.8&#8243;][et_pb_tabs admin_label=&#8221;\u00dcr\u00fcn \u0130\u00e7erik Sekmeleri&#8221; _builder_version=&#8221;4.6.4&#8243; tab_font=&#8221;||||||||&#8221; background_enable_color=&#8221;off&#8221; width_tablet=&#8221;100%&#8221; width_phone=&#8221;100%&#8221; width_last_edited=&#8221;on|phone&#8221; max_width_tablet=&#8221;&#8221; max_width_phone=&#8221;&#8221; max_width_last_edited=&#8221;on|tablet&#8221; custom_padding=&#8221;||10px||false|true&#8221; custom_padding_tablet=&#8221;|5px||5px|false|true&#8221; custom_padding_phone=&#8221;&#8221; custom_padding_last_edited=&#8221;on|phone&#8221; hover_enabled=&#8221;0&#8243; body_line_height_tablet=&#8221;1.6em&#8221; body_line_height_phone=&#8221;&#8221; body_line_height_last_edited=&#8221;on|phone&#8221; locked=&#8221;off&#8221; sticky_enabled=&#8221;0&#8243;][et_pb_tab title=&#8221;Product Description&#8221; _builder_version=&#8221;4.4.8&#8243;]<\/p>\n<p><img loading=\"lazy\" decoding=\"async\" src=\"https:\/\/meddefense.com.tr\/wp-content\/uploads\/2020\/11\/meddefense-cat-hemostatik-turnike-uygulma.jpg\" width=\"131\" height=\"168\" alt=\"\" class=\"wp-image-278018 alignleft size-full\" \/>CAT &#8211; Hemostatik Turnike ABD ordusunun, Ordu Genel Cerrahisinin ve Cerrahi Ara\u015ft\u0131rmalar Askeri Enstit\u00fcs\u00fcn\u00fcn birinci tercihidir. Yap\u0131lan \u00e7al\u0131\u015fmalar ve uygulamalardan sonra CAT &#8211; Hemostatik Turnike ABD ordusu taraf\u0131ndan 2005 y\u0131l\u0131n\u0131n en iyi ilk 10 \u00fcr\u00fcn\u00fc olarak se\u00e7ilmi\u015ftir. It was also selected as the best haemostatic tourniquet by the TSK GATA Emergency Medicine Department. It is also mandatory in UMKE equipment.<\/p>\n<p> US Army Institute of Surgical Research&#8217;s Battlefield Tourniquet Recommendations [28\/07\/2004].<\/p>\n<p><strong>Background:<\/strong><br \/>Due to product demand, 9 battlefield CAT &#8211; Haemostatic Tourniquet systems were offered to the US Army Institute of Surgical Research for testing. Of these, 7 were commercially available and 2 were prototypes. Eighteen subjects were used to test the efficacy of each product in accordance with IRB protocol. Success was based on the ability to stop arterial blood flow in the proximal thigh (elimination of the Doppler pulse in the posterior tibial artery). In addition, the subjects voted for the product they tried using a visual analogue pain scale.<\/p>\n<p><strong> Results:<\/strong><br \/>The CAT &#8211; Haemostatic Tourniquet stopped arterial blood flow in both upper and lower extremities 100% quickly and effectively in all trials.<\/p>\n<p>In the pain voting results (compression and circumferential), C-A-T was significantly ahead of all other sling-style products. &#8220;[Based on the results of the Institute for Surgical Research&#8217;s testing] C-A-T is recommended for every soldier in the US military.<\/p>\n<p>[\/et_pb_tab][et_pb_tab title=&#8221;References&#8221; _builder_version=&#8221;4.4.8&#8243;]<\/p>\n<p>&#8220;Tests of Conflict Area Tourniquets&#8221; Dr Thomas Walters, US Military Institute of Surgical Research, presented at the 2004 Conference on Advanced Technological Applications in Conflict Area Treatments, published in the Conference book, 16-18 August 2004, St. Petersburg, FL Memorandum Distributed to US Forces on 28 July 2004: What is the best conflict area tourniquet? The CAT &#8211; Haemostatic Tourniquet (NSN: 6515-01-521-7976) is the best.<\/p>\n<p>In light of these results, CAT &#8211; Haemostatic Tourniquet is recommended for every soldier and EMTs are provided to battlefield doctors. In addition, EMTs are provided to all medical transport vehicles and to all threshold I-III medical facilities.<\/p>\n<p>John B. Holcomb, Dr FACSAl Colonel, Marine Corps, US Army Director, Trauma Division, US Army Institute of Surgical Research, Trauma Consultant to the General Surgery Command, 3400 Rawley E. Chambers Avenue Fort Sam Houston, TX 78234-6315<\/p>\n<p>[\/et_pb_tab][et_pb_tab title=&#8221;How to use&#8221; _builder_version=&#8221;4.6.4&#8243; _module_preset=&#8221;default&#8221;]<\/p>\n<p><img loading=\"lazy\" decoding=\"async\" src=\"https:\/\/meddefense.com.tr\/wp-content\/uploads\/2020\/12\/meddefense-cat-hemostatik-turnike-9-300x300.jpg\" width=\"300\" height=\"300\" alt=\"\" class=\"wp-image-279007 alignnone size-medium\" \/>\u00a0 \u00a0 \u00a0\u00a0<img loading=\"lazy\" decoding=\"async\" src=\"https:\/\/meddefense.com.tr\/wp-content\/uploads\/2020\/12\/meddefense-cat-hemostatik-turnike-8-300x300.jpg\" width=\"300\" height=\"300\" alt=\"\" class=\"wp-image-279006 alignnone size-medium\" \/><\/p>\n<p><img loading=\"lazy\" decoding=\"async\" src=\"https:\/\/meddefense.com.tr\/wp-content\/uploads\/2020\/12\/meddefense-cat-hemostatik-turnike-7-300x300.jpg\" width=\"300\" height=\"300\" alt=\"\" class=\"wp-image-279005 alignnone size-medium\" \/>\u00a0 \u00a0 \u00a0<img loading=\"lazy\" decoding=\"async\" src=\"https:\/\/meddefense.com.tr\/wp-content\/uploads\/2020\/12\/meddefense-cat-hemostatik-turnike-6-300x300.jpg\" width=\"300\" height=\"300\" alt=\"\" class=\"wp-image-279004 alignnone size-medium\" \/><\/p>\n<p><img loading=\"lazy\" decoding=\"async\" src=\"https:\/\/meddefense.com.tr\/wp-content\/uploads\/2020\/12\/meddefense-cat-hemostatik-turnike-5-300x300.jpg\" width=\"300\" height=\"300\" alt=\"\" class=\"wp-image-279003 alignnone size-medium\" \/>\u00a0 \u00a0\u00a0 <img loading=\"lazy\" decoding=\"async\" src=\"https:\/\/meddefense.com.tr\/wp-content\/uploads\/2020\/12\/meddefense-cat-hemostatik-turnike-4-300x300.jpg\" width=\"300\" height=\"300\" alt=\"\" class=\"wp-image-279002 alignnone size-medium\" \/> <img loading=\"lazy\" decoding=\"async\" src=\"https:\/\/meddefense.com.tr\/wp-content\/uploads\/2020\/12\/meddefense-cat-hemostatik-turnike-3-300x300.jpg\" width=\"300\" height=\"300\" alt=\"\" class=\"wp-image-279001 alignnone size-medium\" \/><\/p>\n<p>[\/et_pb_tab][et_pb_tab title=&#8221;Documents&#8221; _builder_version=&#8221;4.6.4&#8243;]<\/p>\n<p><a href=\"https:\/\/meddefense.com.tr\/wp-content\/uploads\/2020\/11\/2017-CE-Cert-DOC.pdf\" target=\"_blank\" rel=\"noopener noreferrer\">Certificate of CE Registration<\/a><\/p>\n<p><a href=\"https:\/\/meddefense.com.tr\/wp-content\/uploads\/2020\/11\/cat-g7-1sheet.pdf\" target=\"_blank\" rel=\"noopener noreferrer\">CAT Teknik Detaylar\u00a0 \u00a0(\u0130ngilizce)<\/a><\/p>\n<p><a href=\"https:\/\/meddefense.com.tr\/wp-content\/uploads\/2020\/11\/RAW-29260-REV01-INSTR-CAT-US-CRI.pdf\" target=\"_blank\" rel=\"noopener noreferrer\">CAT Kullanma K\u0131lavuzu\u00a0 \u00a0(\u0130ngilizce)<\/a><\/p>\n<p>[\/et_pb_tab][et_pb_tab title=&#8221;Videos&#8221; _builder_version=&#8221;4.6.4&#8243;]<\/p>\n<h1>CAT Arm Turnstile<\/h1>\n<p><iframe loading=\"lazy\" title=\"cat-arm-self\" src=\"https:\/\/player.vimeo.com\/video\/191722933?dnt=1&amp;app_id=122963\" width=\"1080\" height=\"608\" frameborder=\"0\" allow=\"autoplay; fullscreen; picture-in-picture\"><\/iframe><\/p>\n<h1>CAT Bacak Turnike<\/h1>\n<p><iframe loading=\"lazy\" title=\"cat-leg-self\" src=\"https:\/\/player.vimeo.com\/video\/191722930?dnt=1&amp;app_id=122963\" width=\"1080\" height=\"608\" frameborder=\"0\" allow=\"autoplay; fullscreen; picture-in-picture\"><\/iframe><\/p>\n<p>[\/et_pb_tab][\/et_pb_tabs][\/et_pb_column_inner][\/et_pb_row_inner][\/et_pb_column][et_pb_column type=&#8221;1_4&#8243; _builder_version=&#8221;3.25&#8243; custom_padding=&#8221;|||&#8221; custom_padding__hover=&#8221;|||&#8221;][et_pb_cta title=&#8221;Support&#8221; button_url=&#8221;@ET-DC@eyJkeW5hbWljIjp0cnVlLCJjb250ZW50IjoicG9zdF9saW5rX3VybF9wYWdlIiwic2V0dGluZ3MiOnsicG9zdF9pZCI6IjIxNyJ9fQ==@&#8221; button_text=&#8221;Click On&#8221; button_text_tablet=&#8221;Touch&#8221; button_text_phone=&#8221;Touch&#8221; button_text_last_edited=&#8221;on|phone&#8221; disabled_on=&#8221;off|off|off&#8221; _builder_version=&#8221;4.6.4&#8243; _dynamic_attributes=&#8221;button_url&#8221; _module_preset=&#8221;default&#8221; header_level=&#8221;h1&#8243; body_text_color=&#8221;#ffffff&#8221; body_line_height=&#8221;1.3em&#8221; custom_button=&#8221;on&#8221; button_text_color=&#8221;#ffffff&#8221; button_bg_color=&#8221;#73bc20&#8243; button_icon=&#8221;%%24%%&#8221; button_alignment=&#8221;center&#8221; custom_padding=&#8221;15px|15px|15px|15px|true|true&#8221; box_shadow_style=&#8221;preset3&#8243; global_module=&#8221;278907&#8243; saved_tabs=&#8221;all&#8221; locked=&#8221;off&#8221;]<\/p>\n<p>\u00dcr\u00fcnlerle ilgili daha fazla detay ve fiyat bilgisi i\u00e7in l\u00fctfen bize ula\u015f\u0131n.<\/p>\n<p>[\/et_pb_cta][\/et_pb_column][\/et_pb_section]<\/p>\n","protected":false},"excerpt":{"rendered":"<p>[et_pb_section fb_built=&#8221;1&#8243; custom_padding_last_edited=&#8221;on|desktop&#8221; admin_label=&#8221;Ba\u015fl\u0131k G\u00f6rseli&#8221; _builder_version=&#8221;4.6.4&#8243; background_image=&#8221;https:\/\/meddefense.com.tr\/wp-content\/uploads\/2021\/01\/meddefense-urunler-all.jpg&#8221; background_position=&#8221;bottom_center&#8221; custom_padding=&#8221;120px||330px||false|false&#8221; custom_padding_tablet=&#8221;||200px||false|false&#8221; custom_padding_phone=&#8221;||240px||false|false&#8221; animation_style=&#8221;fade&#8221; animation_direction=&#8221;top&#8221; background_last_edited=&#8221;off|phone&#8221; parallax_phone=&#8221;off&#8221; background_blend_phone=&#8221;normal&#8221; global_module=&#8221;279929&#8243; saved_tabs=&#8221;all&#8221;][\/et_pb_section][et_pb_section fb_built=&#8221;1&#8243; custom_padding_last_edited=&#8221;on|desktop&#8221; _builder_version=&#8221;4.4.8&#8243; background_enable_image=&#8221;off&#8221; background_size=&#8221;initial&#8221; background_position=&#8221;top_left&#8221; background_repeat=&#8221;repeat&#8221; custom_padding=&#8221;60px||0px||false|false&#8221; custom_padding_tablet=&#8221;10px||||false|false&#8221; custom_padding_phone=&#8221;&#8221;][et_pb_row custom_padding_last_edited=&#8221;on|desktop&#8221; _builder_version=&#8221;4.6.4&#8243; background_enable_image=&#8221;off&#8221; width=&#8221;100%&#8221; width_tablet=&#8221;100%&#8221; width_phone=&#8221;&#8221; width_last_edited=&#8221;on|phone&#8221; max_width=&#8221;80%&#8221; max_width_tablet=&#8221;80%&#8221; max_width_phone=&#8221;&#8221; max_width_last_edited=&#8221;on|phone&#8221; custom_padding=&#8221;0px||||false|false&#8221; custom_padding_tablet=&#8221;20px||5px||false|false&#8221; custom_padding_phone=&#8221;20px||5px||false|false&#8221;][et_pb_column type=&#8221;4_4&#8243; _builder_version=&#8221;4.4.8&#8243;][et_pb_text _builder_version=&#8221;4.6.4&#8243; _module_preset=&#8221;default&#8221; background_enable_color=&#8221;off&#8221;] CAT Haemostatic Tourniquet [\/et_pb_text][\/et_pb_column][\/et_pb_row][et_pb_row _builder_version=&#8221;4.4.8&#8243; custom_padding=&#8221;0px||0px||false|false&#8221;][et_pb_column type=&#8221;4_4&#8243; _builder_version=&#8221;4.4.8&#8243;][et_pb_blurb [&hellip;]<\/p>\n","protected":false},"author":1,"featured_media":0,"parent":0,"menu_order":0,"comment_status":"closed","ping_status":"closed","template":"","meta":{"_et_pb_use_builder":"on","_et_pb_old_content":"","_et_gb_content_width":"","footnotes":""},"class_list":["post-281075","page","type-page","status-publish","hentry"],"_links":{"self":[{"href":"https:\/\/meddefense.com.tr\/en\/wp-json\/wp\/v2\/pages\/281075","targetHints":{"allow":["GET"]}}],"collection":[{"href":"https:\/\/meddefense.com.tr\/en\/wp-json\/wp\/v2\/pages"}],"about":[{"href":"https:\/\/meddefense.com.tr\/en\/wp-json\/wp\/v2\/types\/page"}],"author":[{"embeddable":true,"href":"https:\/\/meddefense.com.tr\/en\/wp-json\/wp\/v2\/users\/1"}],"replies":[{"embeddable":true,"href":"https:\/\/meddefense.com.tr\/en\/wp-json\/wp\/v2\/comments?post=281075"}],"version-history":[{"count":0,"href":"https:\/\/meddefense.com.tr\/en\/wp-json\/wp\/v2\/pages\/281075\/revisions"}],"wp:attachment":[{"href":"https:\/\/meddefense.com.tr\/en\/wp-json\/wp\/v2\/media?parent=281075"}],"curies":[{"name":"wp","href":"https:\/\/api.w.org\/{rel}","templated":true}]}}